{"id":1214,"date":"2026-01-22T13:59:36","date_gmt":"2026-01-22T12:59:36","guid":{"rendered":"https:\/\/feld-institut.de\/books\/"},"modified":"2026-03-10T17:21:07","modified_gmt":"2026-03-10T16:21:07","slug":"books","status":"publish","type":"page","link":"https:\/\/feld-institut.de\/en\/books\/","title":{"rendered":"Books"},"content":{"rendered":"\n<p style=\"font-size:30px\"><strong>Books<\/strong><\/p>\n\n<p class=\"has-black-color has-text-color has-link-color wp-elements-b62ca8922ed76542ffdb4e7443b7f3dd\">Here you will find an overview of Stephanie&#8217;s books and book contributions. <br\/>You can purchase the books on our <a href=\"http:\/\/www.feld-institut.com\"><strong>.com FELD website<\/strong><\/a>, which brings all locations together.<\/p>\n\n<p style=\"font-size:24px\"><strong>Books<\/strong><\/p>\n\n<div class=\"wp-block-columns is-layout-flex wp-container-core-columns-is-layout-28f84493 wp-block-columns-is-layout-flex\">\n<div class=\"wp-block-column is-layout-flow wp-block-column-is-layout-flow\">\n<figure class=\"wp-block-image size-large is-resized\"><img loading=\"lazy\" decoding=\"async\" width=\"723\" height=\"1024\" src=\"https:\/\/feld-institut.de\/wp-content\/uploads\/2026\/02\/neuer-Titel-mit-Systemaufstellungen-2-723x1024.jpg\" alt=\"\" class=\"wp-image-695\" style=\"width:auto;height:275px\" srcset=\"https:\/\/feld-institut.de\/wp-content\/uploads\/2026\/02\/neuer-Titel-mit-Systemaufstellungen-2-723x1024.jpg 723w, https:\/\/feld-institut.de\/wp-content\/uploads\/2026\/02\/neuer-Titel-mit-Systemaufstellungen-2-212x300.jpg 212w, https:\/\/feld-institut.de\/wp-content\/uploads\/2026\/02\/neuer-Titel-mit-Systemaufstellungen-2-768x1087.jpg 768w, https:\/\/feld-institut.de\/wp-content\/uploads\/2026\/02\/neuer-Titel-mit-Systemaufstellungen-2.jpg 989w\" sizes=\"auto, (max-width: 723px) 100vw, 723px\" \/><\/figure>\n\n\n\n<p class=\"has-black-color has-text-color has-link-color wp-elements-94c6bb5b6f9f792f296be47c68f3aa89\" style=\"font-size:12px\"><strong>Continuing Education Manual<\/strong><br\/>Step-by-step instructions with numerous tips and background information<br\/><strong>Stephanie Hartung<\/strong>, <br\/><strong>Linda Syllaba, <\/strong><br\/><strong>Peter Eichenberger<br\/><\/strong>CI Publisher 2026<br\/><\/p>\n<\/div>\n\n\n\n<div class=\"wp-block-column is-layout-flow wp-block-column-is-layout-flow\">\n<figure class=\"wp-block-image size-large is-resized\"><img loading=\"lazy\" decoding=\"async\" width=\"722\" height=\"1024\" src=\"https:\/\/feld-institut.de\/wp-content\/uploads\/2026\/02\/Textbook-od-Systemic-Constellations-722x1024.jpg\" alt=\"\" class=\"wp-image-705\" style=\"width:auto;height:275px\" srcset=\"https:\/\/feld-institut.de\/wp-content\/uploads\/2026\/02\/Textbook-od-Systemic-Constellations-722x1024.jpg 722w, https:\/\/feld-institut.de\/wp-content\/uploads\/2026\/02\/Textbook-od-Systemic-Constellations-211x300.jpg 211w, https:\/\/feld-institut.de\/wp-content\/uploads\/2026\/02\/Textbook-od-Systemic-Constellations-768x1090.jpg 768w, https:\/\/feld-institut.de\/wp-content\/uploads\/2026\/02\/Textbook-od-Systemic-Constellations-1083x1536.jpg 1083w, https:\/\/feld-institut.de\/wp-content\/uploads\/2026\/02\/Textbook-od-Systemic-Constellations.jpg 1134w\" sizes=\"auto, (max-width: 722px) 100vw, 722px\" \/><\/figure>\n\n\n\n<p class=\"has-black-color has-text-color has-link-color wp-elements-b6471a0c4a8ff832ba29e8ad41f8faa8\" style=\"font-size:12px\"><strong>The Textbook of Systemic Constellations<\/strong><br\/>Principles, Methods, and Uses<br\/><strong>Stephanie Hartung<\/strong><br\/><strong>Wolfgang Spitta<\/strong><br\/>CI Publisher 2025  <br\/><\/p>\n<\/div>\n\n\n\n<div class=\"wp-block-column is-layout-flow wp-block-column-is-layout-flow\">\n<p class=\"has-black-color has-text-color has-link-color wp-elements-2570650c168f7727c28bf91d1131c30d\" style=\"font-size:12px\"><\/p>\n<\/div>\n\n\n\n<div class=\"wp-block-column is-layout-flow wp-block-column-is-layout-flow\">\n<p style=\"font-size:12px\"><\/p>\n<\/div>\n<\/div>\n\n<div class=\"wp-block-columns is-layout-flex wp-container-core-columns-is-layout-28f84493 wp-block-columns-is-layout-flex\">\n<div class=\"wp-block-column is-layout-flow wp-block-column-is-layout-flow\">\n<figure class=\"wp-block-image size-large is-resized\"><img loading=\"lazy\" decoding=\"async\" width=\"722\" height=\"1024\" src=\"https:\/\/feld-institut.de\/wp-content\/uploads\/2026\/02\/MagieDerVerbdg_dtsch-722x1024.jpg\" alt=\"\" class=\"wp-image-707\" style=\"width:auto;height:275px\" srcset=\"https:\/\/feld-institut.de\/wp-content\/uploads\/2026\/02\/MagieDerVerbdg_dtsch-722x1024.jpg 722w, https:\/\/feld-institut.de\/wp-content\/uploads\/2026\/02\/MagieDerVerbdg_dtsch-211x300.jpg 211w, https:\/\/feld-institut.de\/wp-content\/uploads\/2026\/02\/MagieDerVerbdg_dtsch-768x1090.jpg 768w, https:\/\/feld-institut.de\/wp-content\/uploads\/2026\/02\/MagieDerVerbdg_dtsch-1083x1536.jpg 1083w, https:\/\/feld-institut.de\/wp-content\/uploads\/2026\/02\/MagieDerVerbdg_dtsch.jpg 1132w\" sizes=\"auto, (max-width: 722px) 100vw, 722px\" \/><\/figure>\n\n\n\n<p class=\"has-black-color has-text-color has-link-color wp-elements-724fb354d74a93da4d41ad3490f5f318\" style=\"font-size:12px\"><strong>The Magic of Connection<\/strong><br\/>Systemic Intelligence in Organizational Development<br\/><strong>Stephanie Hartung<\/strong><br\/>CI Publisher 2025  <br\/><\/p>\n<\/div>\n\n\n\n<div class=\"wp-block-column is-layout-flow wp-block-column-is-layout-flow\">\n<figure class=\"wp-block-image size-large is-resized\"><img loading=\"lazy\" decoding=\"async\" width=\"728\" height=\"1024\" src=\"https:\/\/feld-institut.de\/wp-content\/uploads\/2026\/02\/MagicOfConnctn_engl-728x1024.jpg\" alt=\"\" class=\"wp-image-708\" style=\"width:auto;height:275px\" srcset=\"https:\/\/feld-institut.de\/wp-content\/uploads\/2026\/02\/MagicOfConnctn_engl-728x1024.jpg 728w, https:\/\/feld-institut.de\/wp-content\/uploads\/2026\/02\/MagicOfConnctn_engl-213x300.jpg 213w, https:\/\/feld-institut.de\/wp-content\/uploads\/2026\/02\/MagicOfConnctn_engl-768x1080.jpg 768w, https:\/\/feld-institut.de\/wp-content\/uploads\/2026\/02\/MagicOfConnctn_engl-1092x1536.jpg 1092w, https:\/\/feld-institut.de\/wp-content\/uploads\/2026\/02\/MagicOfConnctn_engl.jpg 1128w\" sizes=\"auto, (max-width: 728px) 100vw, 728px\" \/><\/figure>\n\n\n\n<p class=\"has-black-color has-text-color has-link-color wp-elements-724fb354d74a93da4d41ad3490f5f318\" style=\"font-size:12px\"><strong>The Magic of Connection<\/strong><br\/>Systemic Intelligence in Organizational Development<br\/><strong>Stephanie Hartung<\/strong><br\/>CI Publisher 2025  <br\/><\/p>\n<\/div>\n\n\n\n<div class=\"wp-block-column is-layout-flow wp-block-column-is-layout-flow\">\n<figure class=\"wp-block-image size-large is-resized\"><img loading=\"lazy\" decoding=\"async\" width=\"724\" height=\"1024\" src=\"https:\/\/feld-institut.de\/wp-content\/uploads\/2026\/02\/Cover-Aufstellungen-englisch-724x1024.jpg\" alt=\"\" class=\"wp-image-709\" style=\"width:auto;height:275px\" srcset=\"https:\/\/feld-institut.de\/wp-content\/uploads\/2026\/02\/Cover-Aufstellungen-englisch-724x1024.jpg 724w, https:\/\/feld-institut.de\/wp-content\/uploads\/2026\/02\/Cover-Aufstellungen-englisch-212x300.jpg 212w, https:\/\/feld-institut.de\/wp-content\/uploads\/2026\/02\/Cover-Aufstellungen-englisch-768x1086.jpg 768w, https:\/\/feld-institut.de\/wp-content\/uploads\/2026\/02\/Cover-Aufstellungen-englisch-1086x1536.jpg 1086w, https:\/\/feld-institut.de\/wp-content\/uploads\/2026\/02\/Cover-Aufstellungen-englisch-1448x2048.jpg 1448w, https:\/\/feld-institut.de\/wp-content\/uploads\/2026\/02\/Cover-Aufstellungen-englisch.jpg 1654w\" sizes=\"auto, (max-width: 724px) 100vw, 724px\" \/><\/figure>\n\n\n\n<p class=\"has-black-color has-text-color has-link-color wp-elements-b9030131279e59c9db8a06bc858bb49d\" style=\"font-size:12px\"><strong>Why do Systemic Constellations work?<\/strong><br\/>14 Proposals for Reflection<br\/><strong>Stephanie Hartung<\/strong><br\/>CI Publisher 2025  <br\/><\/p>\n<\/div>\n\n\n\n<div class=\"wp-block-column is-layout-flow wp-block-column-is-layout-flow\">\n<p style=\"font-size:12px\"><\/p>\n<\/div>\n<\/div>\n\n<div class=\"wp-block-columns is-layout-flex wp-container-core-columns-is-layout-28f84493 wp-block-columns-is-layout-flex\">\n<div class=\"wp-block-column is-layout-flow wp-block-column-is-layout-flow\">\n<figure class=\"wp-block-image size-full is-resized\"><img loading=\"lazy\" decoding=\"async\" width=\"642\" height=\"1008\" src=\"https:\/\/feld-institut.de\/wp-content\/uploads\/2026\/01\/Warum-Funktionieren-Aufstellungen-GRIECHISCH.jpg\" alt=\"\" class=\"wp-image-609\" style=\"aspect-ratio:0.6369149432436635;object-fit:cover;width:auto;height:275px\" srcset=\"https:\/\/feld-institut.de\/wp-content\/uploads\/2026\/01\/Warum-Funktionieren-Aufstellungen-GRIECHISCH.jpg 642w, https:\/\/feld-institut.de\/wp-content\/uploads\/2026\/01\/Warum-Funktionieren-Aufstellungen-GRIECHISCH-191x300.jpg 191w\" sizes=\"auto, (max-width: 642px) 100vw, 642px\" \/><\/figure>\n\n\n\n<p class=\"has-black-color has-text-color has-link-color wp-elements-f6add551af8a22385a170e3cd57dff04\" style=\"font-size:12px\"><strong>Why do Systemic Constellations work?<\/strong><br\/><strong>Stephanie Hartung<\/strong> reveals through experience and science why constellations work. Greek Edition 2020 <br\/><\/p>\n<\/div>\n\n\n\n<div class=\"wp-block-column is-layout-flow wp-block-column-is-layout-flow\">\n<figure class=\"wp-block-image size-large is-resized\"><img loading=\"lazy\" decoding=\"async\" width=\"722\" height=\"1024\" src=\"https:\/\/feld-institut.de\/wp-content\/uploads\/2026\/01\/Online-Aufstellungen-3-722x1024.jpg\" alt=\"\" class=\"wp-image-611\" style=\"width:auto;height:275px\" srcset=\"https:\/\/feld-institut.de\/wp-content\/uploads\/2026\/01\/Online-Aufstellungen-3-722x1024.jpg 722w, https:\/\/feld-institut.de\/wp-content\/uploads\/2026\/01\/Online-Aufstellungen-3-212x300.jpg 212w, https:\/\/feld-institut.de\/wp-content\/uploads\/2026\/01\/Online-Aufstellungen-3-768x1089.jpg 768w, https:\/\/feld-institut.de\/wp-content\/uploads\/2026\/01\/Online-Aufstellungen-3.jpg 827w\" sizes=\"auto, (max-width: 722px) 100vw, 722px\" \/><\/figure>\n\n\n\n<p class=\"has-black-color has-text-color has-link-color wp-elements-37003fd5f170755009a4c38d800be321\" style=\"font-size:12px\"><strong>Online Constellations<\/strong><br\/>How systemic constellations work on screen<br\/><strong>Stephanie Hartung<\/strong><br\/><strong>Regina Remy<\/strong><br\/>Springer 2020  <br\/><\/p>\n<\/div>\n\n\n\n<div class=\"wp-block-column is-layout-flow wp-block-column-is-layout-flow\">\n<figure class=\"wp-block-image size-large is-resized\"><img loading=\"lazy\" decoding=\"async\" width=\"716\" height=\"1024\" src=\"https:\/\/feld-institut.de\/wp-content\/uploads\/2026\/01\/Lehrbuch-SA-2-716x1024.jpg\" alt=\"\" class=\"wp-image-612\" style=\"width:auto;height:275px\" srcset=\"https:\/\/feld-institut.de\/wp-content\/uploads\/2026\/01\/Lehrbuch-SA-2-716x1024.jpg 716w, https:\/\/feld-institut.de\/wp-content\/uploads\/2026\/01\/Lehrbuch-SA-2-210x300.jpg 210w, https:\/\/feld-institut.de\/wp-content\/uploads\/2026\/01\/Lehrbuch-SA-2-768x1099.jpg 768w, https:\/\/feld-institut.de\/wp-content\/uploads\/2026\/01\/Lehrbuch-SA-2-1073x1536.jpg 1073w, https:\/\/feld-institut.de\/wp-content\/uploads\/2026\/01\/Lehrbuch-SA-2-1431x2048.jpg 1431w, https:\/\/feld-institut.de\/wp-content\/uploads\/2026\/01\/Lehrbuch-SA-2-scaled.jpg 1789w\" sizes=\"auto, (max-width: 716px) 100vw, 716px\" \/><\/figure>\n\n\n\n<p class=\"has-black-color has-text-color has-link-color wp-elements-084f8f7cdfb9ec8275cba0ca53d8e852\" style=\"font-size:12px\"><strong>Textbook of Systemic Constellations<\/strong><br\/>Principles, Methods, and Application<br\/><strong>Stephanie Hartung<\/strong><br\/><strong>Wolfgang Spitta<\/strong><br\/>Springer 2020  <br\/><\/p>\n<\/div>\n\n\n\n<div class=\"wp-block-column is-layout-flow wp-block-column-is-layout-flow\">\n<figure class=\"wp-block-image size-large is-resized\"><img loading=\"lazy\" decoding=\"async\" width=\"662\" height=\"1024\" src=\"https:\/\/feld-institut.de\/wp-content\/uploads\/2026\/01\/Buchcover-Tuerkisch-vorne-662x1024.jpg\" alt=\"\" class=\"wp-image-619\" style=\"aspect-ratio:0.6462266631606627;object-fit:cover;width:auto;height:275px\" srcset=\"https:\/\/feld-institut.de\/wp-content\/uploads\/2026\/01\/Buchcover-Tuerkisch-vorne-662x1024.jpg 662w, https:\/\/feld-institut.de\/wp-content\/uploads\/2026\/01\/Buchcover-Tuerkisch-vorne-194x300.jpg 194w, https:\/\/feld-institut.de\/wp-content\/uploads\/2026\/01\/Buchcover-Tuerkisch-vorne.jpg 716w\" sizes=\"auto, (max-width: 662px) 100vw, 662px\" \/><\/figure>\n\n\n\n<p class=\"has-black-color has-text-color has-link-color wp-elements-ee69a1ffbd8c4e6961519818c8994d05\" style=\"font-size:12px\"><strong>Systemic Constellations<\/strong><br\/><strong>Stephanie Hartung<\/strong><br\/><strong>Wolfgang Spitta<\/strong><br\/>M\u00fcptela Yay\u0131nlar\u0131 2021<br\/>Turkish Edition<br\/><\/p>\n<\/div>\n<\/div>\n\n<div class=\"wp-block-columns is-layout-flex wp-container-core-columns-is-layout-28f84493 wp-block-columns-is-layout-flex\">\n<div class=\"wp-block-column is-layout-flow wp-block-column-is-layout-flow\">\n<figure class=\"wp-block-image size-large is-resized\"><img loading=\"lazy\" decoding=\"async\" width=\"725\" height=\"1024\" src=\"https:\/\/feld-institut.de\/wp-content\/uploads\/2026\/01\/TRAUMA-1-725x1024.jpg\" alt=\"\" class=\"wp-image-613\" style=\"width:auto;height:275px\" srcset=\"https:\/\/feld-institut.de\/wp-content\/uploads\/2026\/01\/TRAUMA-1-725x1024.jpg 725w, https:\/\/feld-institut.de\/wp-content\/uploads\/2026\/01\/TRAUMA-1-212x300.jpg 212w, https:\/\/feld-institut.de\/wp-content\/uploads\/2026\/01\/TRAUMA-1-768x1085.jpg 768w, https:\/\/feld-institut.de\/wp-content\/uploads\/2026\/01\/TRAUMA-1.jpg 1003w\" sizes=\"auto, (max-width: 725px) 100vw, 725px\" \/><\/figure>\n\n\n\n<p class=\"has-black-color has-text-color has-link-color wp-elements-be35d0a7f4b9988ff983f62b97f81fbc\" style=\"font-size:12px\"><strong>Trauma in the Working World<\/strong><br\/><strong>Stephanie Hartung<\/strong>, Ed.<br\/>Springer Gabler 2019  <br\/><\/p>\n<\/div>\n\n\n\n<div class=\"wp-block-column is-layout-flow wp-block-column-is-layout-flow\">\n<figure class=\"wp-block-image size-large is-resized\"><img loading=\"lazy\" decoding=\"async\" width=\"743\" height=\"1024\" src=\"https:\/\/feld-institut.de\/wp-content\/uploads\/2026\/01\/TheoriePraxis-OA-1-743x1024.jpg\" alt=\"\" class=\"wp-image-614\" style=\"width:auto;height:275px\" srcset=\"https:\/\/feld-institut.de\/wp-content\/uploads\/2026\/01\/TheoriePraxis-OA-1-743x1024.jpg 743w, https:\/\/feld-institut.de\/wp-content\/uploads\/2026\/01\/TheoriePraxis-OA-1-218x300.jpg 218w, https:\/\/feld-institut.de\/wp-content\/uploads\/2026\/01\/TheoriePraxis-OA-1-768x1059.jpg 768w, https:\/\/feld-institut.de\/wp-content\/uploads\/2026\/01\/TheoriePraxis-OA-1.jpg 1028w\" sizes=\"auto, (max-width: 743px) 100vw, 743px\" \/><\/figure>\n\n\n\n<p class=\"has-black-color has-text-color has-link-color wp-elements-c3be73a619eb4b2d335cc1cc046ec405\" style=\"font-size:12px\"><strong>Theory and Practice of Organizational Constellations<\/strong><br\/>Foundations for Systemic Personnel and Organizational Development<br\/><strong>Stephanie Hartung<\/strong><br\/>Springer Gabler 2018<br\/><\/p>\n<\/div>\n\n\n\n<div class=\"wp-block-column is-layout-flow wp-block-column-is-layout-flow\">\n<figure class=\"wp-block-image size-large is-resized\"><img loading=\"lazy\" decoding=\"async\" width=\"710\" height=\"1024\" src=\"https:\/\/feld-institut.de\/wp-content\/uploads\/2026\/01\/Kanzlei-als-Marke-710x1024.jpg\" alt=\"\" class=\"wp-image-615\" style=\"aspect-ratio:0.6933754655230786;object-fit:cover;width:auto;height:275px\" srcset=\"https:\/\/feld-institut.de\/wp-content\/uploads\/2026\/01\/Kanzlei-als-Marke-710x1024.jpg 710w, https:\/\/feld-institut.de\/wp-content\/uploads\/2026\/01\/Kanzlei-als-Marke-208x300.jpg 208w, https:\/\/feld-institut.de\/wp-content\/uploads\/2026\/01\/Kanzlei-als-Marke-768x1108.jpg 768w, https:\/\/feld-institut.de\/wp-content\/uploads\/2026\/01\/Kanzlei-als-Marke.jpg 982w\" sizes=\"auto, (max-width: 710px) 100vw, 710px\" \/><\/figure>\n\n\n\n<p class=\"has-black-color has-text-color has-link-color wp-elements-59b6b35f104d5b810f4e7bb7701d43a9\" style=\"font-size:12px\"><strong>The Law Firm as a Successful Brand<\/strong><br\/><strong>Stephanie Hartung<\/strong><br\/>Springer Gabler 2015  <br\/><\/p>\n<\/div>\n\n\n\n<div class=\"wp-block-column is-layout-flow wp-block-column-is-layout-flow\">\n<figure class=\"wp-block-image size-large is-resized\"><img loading=\"lazy\" decoding=\"async\" width=\"732\" height=\"1024\" src=\"https:\/\/feld-institut.de\/wp-content\/uploads\/2026\/01\/Warum-funktionieren-SA-2-732x1024.jpg\" alt=\"\" class=\"wp-image-620\" style=\"width:auto;height:275px\" srcset=\"https:\/\/feld-institut.de\/wp-content\/uploads\/2026\/01\/Warum-funktionieren-SA-2-732x1024.jpg 732w, https:\/\/feld-institut.de\/wp-content\/uploads\/2026\/01\/Warum-funktionieren-SA-2-214x300.jpg 214w, https:\/\/feld-institut.de\/wp-content\/uploads\/2026\/01\/Warum-funktionieren-SA-2-768x1074.jpg 768w, https:\/\/feld-institut.de\/wp-content\/uploads\/2026\/01\/Warum-funktionieren-SA-2-1098x1536.jpg 1098w, https:\/\/feld-institut.de\/wp-content\/uploads\/2026\/01\/Warum-funktionieren-SA-2-1464x2048.jpg 1464w, https:\/\/feld-institut.de\/wp-content\/uploads\/2026\/01\/Warum-funktionieren-SA-2-scaled.jpg 1830w\" sizes=\"auto, (max-width: 732px) 100vw, 732px\" \/><\/figure>\n\n\n\n<p style=\"font-size:12px\"><strong>Why do Constellations Work?<\/strong><br\/>A Reflection in 14 Proposals<br\/><strong>Stephanie Hartung<\/strong><br\/>Deutscher Wissenschafts-Verlag 2015  <br\/><\/p>\n<\/div>\n<\/div>\n\n<div class=\"wp-block-columns is-layout-flex wp-container-core-columns-is-layout-28f84493 wp-block-columns-is-layout-flex\">\n<div class=\"wp-block-column is-layout-flow wp-block-column-is-layout-flow\">\n<figure class=\"wp-block-image size-large is-resized\"><img loading=\"lazy\" decoding=\"async\" width=\"730\" height=\"1024\" src=\"https:\/\/feld-institut.de\/wp-content\/uploads\/2026\/01\/Gestalt-im-Management-1-730x1024.jpg\" alt=\"\" class=\"wp-image-622\" style=\"width:auto;height:275px\" srcset=\"https:\/\/feld-institut.de\/wp-content\/uploads\/2026\/01\/Gestalt-im-Management-1-730x1024.jpg 730w, https:\/\/feld-institut.de\/wp-content\/uploads\/2026\/01\/Gestalt-im-Management-1-214x300.jpg 214w, https:\/\/feld-institut.de\/wp-content\/uploads\/2026\/01\/Gestalt-im-Management-1-768x1077.jpg 768w, https:\/\/feld-institut.de\/wp-content\/uploads\/2026\/01\/Gestalt-im-Management-1.jpg 1010w\" sizes=\"auto, (max-width: 730px) 100vw, 730px\" \/><\/figure>\n\n\n\n<p class=\"has-black-color has-text-color has-link-color wp-elements-189b4bb94305abe4a63a6bb9b9722901\" style=\"font-size:12px\"><strong>Gestalt in Management<\/strong><br\/>A Different Perspective on Brand and Corporate Management in Complex Markets<br\/><strong>Stephanie Hartung<\/strong><br\/>Springer Gabler 2014  <br\/><\/p>\n<\/div>\n\n\n\n<div class=\"wp-block-column is-layout-flow wp-block-column-is-layout-flow\">\n<figure class=\"wp-block-image size-large is-resized\"><img loading=\"lazy\" decoding=\"async\" width=\"736\" height=\"1024\" src=\"https:\/\/feld-institut.de\/wp-content\/uploads\/2026\/01\/Starke-Marken-1-736x1024.jpg\" alt=\"\" class=\"wp-image-623\" style=\"width:auto;height:275px\" srcset=\"https:\/\/feld-institut.de\/wp-content\/uploads\/2026\/01\/Starke-Marken-1-736x1024.jpg 736w, https:\/\/feld-institut.de\/wp-content\/uploads\/2026\/01\/Starke-Marken-1-216x300.jpg 216w, https:\/\/feld-institut.de\/wp-content\/uploads\/2026\/01\/Starke-Marken-1-768x1069.jpg 768w, https:\/\/feld-institut.de\/wp-content\/uploads\/2026\/01\/Starke-Marken-1.jpg 1018w\" sizes=\"auto, (max-width: 736px) 100vw, 736px\" \/><\/figure>\n\n\n\n<p class=\"has-black-color has-text-color has-link-color wp-elements-a17066a6c59c6ff95d703550a37e2208\" style=\"font-size:12px\"><strong>Strong Brands<\/strong><br\/>Systemic Development and Leadership<br\/>Holistic Relationship Management<br\/><strong>Stephanie Hartung<\/strong><br\/>Unternehmer Medienverlag 2013  <br\/><\/p>\n<\/div>\n\n\n\n<div class=\"wp-block-column is-layout-flow wp-block-column-is-layout-flow\">\n<p style=\"font-size:12px\"><\/p>\n<\/div>\n\n\n\n<div class=\"wp-block-column is-layout-flow wp-block-column-is-layout-flow\"><\/div>\n<\/div>\n\n<hr class=\"wp-block-separator has-alpha-channel-opacity\"\/>\n\n<h2 class=\"wp-block-heading\">Book Contributions<\/h2>\n\n<div class=\"wp-block-columns is-layout-flex wp-container-core-columns-is-layout-28f84493 wp-block-columns-is-layout-flex\">\n<div class=\"wp-block-column is-layout-flow wp-block-column-is-layout-flow\">\n<figure class=\"wp-block-image size-large is-resized\"><img loading=\"lazy\" decoding=\"async\" width=\"700\" height=\"1024\" src=\"https:\/\/feld-institut.de\/wp-content\/uploads\/2026\/01\/Cover-Aufstellungen-lernen-und-lehren-700x1024.jpg\" alt=\"\" class=\"wp-image-625\" style=\"aspect-ratio:0.683616133518776;object-fit:cover;width:auto;height:275px\" srcset=\"https:\/\/feld-institut.de\/wp-content\/uploads\/2026\/01\/Cover-Aufstellungen-lernen-und-lehren-700x1024.jpg 700w, https:\/\/feld-institut.de\/wp-content\/uploads\/2026\/01\/Cover-Aufstellungen-lernen-und-lehren-205x300.jpg 205w, https:\/\/feld-institut.de\/wp-content\/uploads\/2026\/01\/Cover-Aufstellungen-lernen-und-lehren-768x1123.jpg 768w, https:\/\/feld-institut.de\/wp-content\/uploads\/2026\/01\/Cover-Aufstellungen-lernen-und-lehren-1050x1536.jpg 1050w, https:\/\/feld-institut.de\/wp-content\/uploads\/2026\/01\/Cover-Aufstellungen-lernen-und-lehren.jpg 1400w\" sizes=\"auto, (max-width: 700px) 100vw, 700px\" \/><\/figure>\n\n\n\n<p class=\"has-black-color has-text-color has-link-color wp-elements-5acfde5e0fe40007eaf7612db1e2aa7c\" style=\"font-size:12px\"><strong>The Group is the Mother \u2013 <\/strong>Group Dynamics in Training<br\/><strong>Stephanie Hartung<\/strong><br\/><strong>Learning and Teaching Constellation Work<\/strong><br\/>Editors<br\/>Prof. Dr. Kirsten Nazarkiewicz<br\/>Marion Lockert<br\/>Vandenhoeck &amp; Ruprecht 2021  <br\/><\/p>\n<\/div>\n\n\n\n<div class=\"wp-block-column is-layout-flow wp-block-column-is-layout-flow\">\n<figure class=\"wp-block-image size-large is-resized\"><img loading=\"lazy\" decoding=\"async\" width=\"700\" height=\"1024\" src=\"https:\/\/feld-institut.de\/wp-content\/uploads\/2026\/01\/Cover-Aufstellungen-im-Arbeitskontext2022-700x1024.jpg\" alt=\"\" class=\"wp-image-626\" style=\"aspect-ratio:0.683616133518776;object-fit:cover;width:auto;height:275px\" srcset=\"https:\/\/feld-institut.de\/wp-content\/uploads\/2026\/01\/Cover-Aufstellungen-im-Arbeitskontext2022-700x1024.jpg 700w, https:\/\/feld-institut.de\/wp-content\/uploads\/2026\/01\/Cover-Aufstellungen-im-Arbeitskontext2022-205x300.jpg 205w, https:\/\/feld-institut.de\/wp-content\/uploads\/2026\/01\/Cover-Aufstellungen-im-Arbeitskontext2022-768x1123.jpg 768w, https:\/\/feld-institut.de\/wp-content\/uploads\/2026\/01\/Cover-Aufstellungen-im-Arbeitskontext2022-1050x1536.jpg 1050w, https:\/\/feld-institut.de\/wp-content\/uploads\/2026\/01\/Cover-Aufstellungen-im-Arbeitskontext2022.jpg 1400w\" sizes=\"auto, (max-width: 700px) 100vw, 700px\" \/><\/figure>\n\n\n\n<p class=\"has-black-color has-text-color has-link-color wp-elements-a26a723e17c0c0c2f3c58adfb23ef230\" style=\"font-size:12px\"><strong>The Brand Integration Process<\/strong><br\/>Stephanie Hartung<br\/><strong>Constellations in the Work Context<\/strong><br\/>Editors<br\/>Prof. Dr. Kirsten Nazarkiewicz<br\/>Peter Bourquin<br\/>Vandenhoeck &amp; Ruprecht 2022<br\/><\/p>\n<\/div>\n\n\n\n<div class=\"wp-block-column is-layout-flow wp-block-column-is-layout-flow\">\n<figure class=\"wp-block-image size-full is-resized\"><img loading=\"lazy\" decoding=\"async\" width=\"398\" height=\"567\" src=\"https:\/\/feld-institut.de\/wp-content\/uploads\/2026\/01\/Friedlaender-Gestalt.jpg\" alt=\"\" class=\"wp-image-627\" style=\"aspect-ratio:0.6933754655230786;object-fit:cover;width:auto;height:275px\" srcset=\"https:\/\/feld-institut.de\/wp-content\/uploads\/2026\/01\/Friedlaender-Gestalt.jpg 398w, https:\/\/feld-institut.de\/wp-content\/uploads\/2026\/01\/Friedlaender-Gestalt-211x300.jpg 211w\" sizes=\"auto, (max-width: 398px) 100vw, 398px\" \/><\/figure>\n\n\n\n<p class=\"has-black-color has-text-color has-link-color wp-elements-7f2198fb0d11ed08213a0a5f207d0260\" style=\"font-size:12px\"><strong>Simply Taking it Literally<\/strong><br\/>Stephanie Hartung<br\/><strong>Salomo Friedlaender\/Mynona \u2013 and Gestalt Therapy<\/strong><br\/>Editor Detlef Thiel Kohlhage Verlag, 2014<br\/><\/p>\n<\/div>\n\n\n\n<div class=\"wp-block-column is-layout-flow wp-block-column-is-layout-flow\">\n<p style=\"font-size:12px\"><\/p>\n<\/div>\n<\/div>\n\n<p><\/p>\n","protected":false},"excerpt":{"rendered":"<p>Books Here you will find an overview of Stephanie&#8217;s books and book contributions. You can purchase the books on our .com FELD website, which brings all locations together. Books Continuing Education ManualStep-by-step instructions with numerous tips and background informationStephanie Hartung, Linda Syllaba, Peter EichenbergerCI Publisher 2026 The Textbook of Systemic ConstellationsPrinciples, Methods, and UsesStephanie HartungWolfgang [&hellip;]<\/p>\n","protected":false},"author":2,"featured_media":0,"parent":0,"menu_order":0,"comment_status":"closed","ping_status":"closed","template":"","meta":{"footnotes":""},"class_list":["post-1214","page","type-page","status-publish","hentry"],"_links":{"self":[{"href":"https:\/\/feld-institut.de\/en\/wp-json\/wp\/v2\/pages\/1214","targetHints":{"allow":["GET"]}}],"collection":[{"href":"https:\/\/feld-institut.de\/en\/wp-json\/wp\/v2\/pages"}],"about":[{"href":"https:\/\/feld-institut.de\/en\/wp-json\/wp\/v2\/types\/page"}],"author":[{"embeddable":true,"href":"https:\/\/feld-institut.de\/en\/wp-json\/wp\/v2\/users\/2"}],"replies":[{"embeddable":true,"href":"https:\/\/feld-institut.de\/en\/wp-json\/wp\/v2\/comments?post=1214"}],"version-history":[{"count":1,"href":"https:\/\/feld-institut.de\/en\/wp-json\/wp\/v2\/pages\/1214\/revisions"}],"predecessor-version":[{"id":1258,"href":"https:\/\/feld-institut.de\/en\/wp-json\/wp\/v2\/pages\/1214\/revisions\/1258"}],"wp:attachment":[{"href":"https:\/\/feld-institut.de\/en\/wp-json\/wp\/v2\/media?parent=1214"}],"curies":[{"name":"wp","href":"https:\/\/api.w.org\/{rel}","templated":true}]}}