{"id":1267,"date":"2026-01-08T13:29:59","date_gmt":"2026-01-08T12:29:59","guid":{"rendered":"https:\/\/feld-institut.de\/cologne-feld-partners\/juergen-ziemann\/"},"modified":"2026-03-10T17:21:29","modified_gmt":"2026-03-10T16:21:29","slug":"juergen-ziemann","status":"publish","type":"page","link":"https:\/\/feld-institut.de\/en\/about\/cologne-feld-partners\/juergen-ziemann\/","title":{"rendered":"J\u00fcrgen Ziemann"},"content":{"rendered":"\n<p style=\"font-size:30px\"><strong>J\u00fcrgen Ziemann<\/strong><\/p>\n\n<div class=\"wp-block-media-text is-stacked-on-mobile is-vertically-aligned-top\" style=\"grid-template-columns:36% auto\"><figure class=\"wp-block-media-text__media\"><img loading=\"lazy\" decoding=\"async\" width=\"801\" height=\"1024\" src=\"https:\/\/feld-institut.de\/wp-content\/uploads\/2026\/01\/Juergen-final_web-801x1024.jpg\" alt=\"\" class=\"wp-image-480 size-full\" srcset=\"https:\/\/feld-institut.de\/wp-content\/uploads\/2026\/01\/Juergen-final_web-801x1024.jpg 801w, https:\/\/feld-institut.de\/wp-content\/uploads\/2026\/01\/Juergen-final_web-235x300.jpg 235w, https:\/\/feld-institut.de\/wp-content\/uploads\/2026\/01\/Juergen-final_web-768x981.jpg 768w, https:\/\/feld-institut.de\/wp-content\/uploads\/2026\/01\/Juergen-final_web-1202x1536.jpg 1202w, https:\/\/feld-institut.de\/wp-content\/uploads\/2026\/01\/Juergen-final_web.jpg 1331w\" sizes=\"auto, (max-width: 801px) 100vw, 801px\" \/><\/figure><div class=\"wp-block-media-text__content\">\n<p>J\u00fcrgen is the co-founder of FELD INSTITUT.<\/p>\n\n\n\n<p>After studying business administration, J\u00fcrgen worked for more than 25 years in top positions at corporations in the waste management industry.<\/p>\n\n\n\n<p>J\u00fcrgen served as managing director for companies with over 1,000 employees, and was division head and sales manager for complex services in numerous organizations. His clients included, among others:  <\/p>\n\n\n\n<p>\u2022 <strong>Trienekens AG<\/strong>, where he was Head of Central Sales;<br\/><br\/>\u2022 <strong>Deutsche Pfand AG<\/strong> of the REWE Umwelt Group, of which he was the Chairman;<br\/><br\/>\u2022 <strong>REWE Umwelt AG<\/strong>, where he was Head of Central Sales for Commercial and Municipal Clients<\/p>\n\n\n\n<p>\u2022 <strong>ALBA Group<\/strong>, where he was Regional Head East and Managing Director;<\/p>\n\n\n\n<p>\u2022 <strong>Duales System Holding Group<\/strong> (Der Gr\u00fcne Punkt), where he was Head of Waste Management Systems and Managing Director.<\/p>\n\n\n\n<p>In 2013, he &#8220;switched sides&#8221; and has since primarily advised on the procurement of complex services. He designs and implements tenders on specially established platforms and conducts purchasing and price negotiations with service providers. <\/p>\n\n\n\n<p>Based on his experience, he offers his leadership and sales expertise as a consultant and interim manager.<\/p>\n\n\n\n<p>Last but not least, J\u00fcrgen is co-founder and COO of CONSTELLATORS INTERNATIONAL KG, the largest international network of systemic consultants.<\/p>\n\n\n\n<p>Drawing on his systemic training and further education, he pays particular attention to the interconnections within organizations during strategic process design.<\/p>\n\n\n\n<p><\/p>\n<\/div><\/div>\n\n<p><\/p>\n","protected":false},"excerpt":{"rendered":"<p>J\u00fcrgen Ziemann J\u00fcrgen is the co-founder of FELD INSTITUT. After studying business administration, J\u00fcrgen worked for more than 25 years in top positions at corporations in the waste management industry. J\u00fcrgen served as managing director for companies with over 1,000 employees, and was division head and sales manager for complex services in numerous organizations. His [&hellip;]<\/p>\n","protected":false},"author":1,"featured_media":0,"parent":1259,"menu_order":2,"comment_status":"closed","ping_status":"closed","template":"","meta":{"footnotes":""},"class_list":["post-1267","page","type-page","status-publish","hentry"],"_links":{"self":[{"href":"https:\/\/feld-institut.de\/en\/wp-json\/wp\/v2\/pages\/1267","targetHints":{"allow":["GET"]}}],"collection":[{"href":"https:\/\/feld-institut.de\/en\/wp-json\/wp\/v2\/pages"}],"about":[{"href":"https:\/\/feld-institut.de\/en\/wp-json\/wp\/v2\/types\/page"}],"author":[{"embeddable":true,"href":"https:\/\/feld-institut.de\/en\/wp-json\/wp\/v2\/users\/1"}],"replies":[{"embeddable":true,"href":"https:\/\/feld-institut.de\/en\/wp-json\/wp\/v2\/comments?post=1267"}],"version-history":[{"count":1,"href":"https:\/\/feld-institut.de\/en\/wp-json\/wp\/v2\/pages\/1267\/revisions"}],"predecessor-version":[{"id":1268,"href":"https:\/\/feld-institut.de\/en\/wp-json\/wp\/v2\/pages\/1267\/revisions\/1268"}],"up":[{"embeddable":true,"href":"https:\/\/feld-institut.de\/en\/wp-json\/wp\/v2\/pages\/1259"}],"wp:attachment":[{"href":"https:\/\/feld-institut.de\/en\/wp-json\/wp\/v2\/media?parent=1267"}],"curies":[{"name":"wp","href":"https:\/\/api.w.org\/{rel}","templated":true}]}}